{"id":508,"date":"2023-12-20T09:27:07","date_gmt":"2023-12-20T08:27:07","guid":{"rendered":"https:\/\/optigestion.be\/temoignages\/"},"modified":"2024-12-02T22:53:23","modified_gmt":"2024-12-02T21:53:23","slug":"temoignages","status":"publish","type":"page","link":"https:\/\/optigestion.be\/en\/temoignages\/","title":{"rendered":"T\u00e9moignages"},"content":{"rendered":"","protected":false},"excerpt":{"rendered":"","protected":false},"author":1,"featured_media":0,"parent":0,"menu_order":13,"comment_status":"closed","ping_status":"closed","template":"","meta":{"_acf_changed":false,"footnotes":""},"class_list":["post-508","page","type-page","status-publish","hentry"],"acf":[],"_yoast_wpseo_metadesc":"D\u00e9couvrez les t\u00e9moignages de nos clients. Optigestion, votre partenaire de confiance pour une gestion locative sereine et professionnelle.","yoast_head":"<!-- This site is optimized with the Yoast SEO plugin v27.3 - https:\/\/yoast.com\/product\/yoast-seo-wordpress\/ -->\n<title>T\u00e9moignages | Optigestion - Gestion Locative en Belgique<\/title>\n<meta name=\"description\" content=\"D\u00e9couvrez les t\u00e9moignages de nos clients. Optigestion, votre partenaire de confiance pour une gestion locative sereine et professionnelle.\" \/>\n<meta name=\"robots\" content=\"index, follow, max-snippet:-1, max-image-preview:large, max-video-preview:-1\" \/>\n<link rel=\"canonical\" href=\"https:\/\/optigestion.be\/en\/temoignages\/\" \/>\n<meta property=\"og:locale\" content=\"en_GB\" \/>\n<meta property=\"og:type\" content=\"article\" \/>\n<meta property=\"og:title\" content=\"T\u00e9moignages | Optigestion - Gestion Locative en Belgique\" \/>\n<meta property=\"og:description\" content=\"D\u00e9couvrez les t\u00e9moignages de nos clients. Optigestion, votre partenaire de confiance pour une gestion locative sereine et professionnelle.\" \/>\n<meta property=\"og:url\" content=\"https:\/\/optigestion.be\/en\/temoignages\/\" \/>\n<meta property=\"og:site_name\" content=\"Optigestion\" \/>\n<meta property=\"article:modified_time\" content=\"2024-12-02T21:53:23+00:00\" \/>\n<meta property=\"og:image\" content=\"https:\/\/optigestion.be\/wp-content\/uploads\/2023\/12\/optigestion-1024x682.jpg\" \/>\n\t<meta property=\"og:image:width\" content=\"1024\" \/>\n\t<meta property=\"og:image:height\" content=\"682\" \/>\n\t<meta property=\"og:image:type\" content=\"image\/jpeg\" \/>\n<meta name=\"twitter:card\" content=\"summary_large_image\" \/>\n<script type=\"application\/ld+json\" class=\"yoast-schema-graph\">{\"@context\":\"https:\\\/\\\/schema.org\",\"@graph\":[{\"@type\":\"WebPage\",\"@id\":\"https:\\\/\\\/optigestion.be\\\/en\\\/temoignages\\\/\",\"url\":\"https:\\\/\\\/optigestion.be\\\/en\\\/temoignages\\\/\",\"name\":\"T\u00e9moignages | Optigestion - Gestion Locative en Belgique\",\"isPartOf\":{\"@id\":\"https:\\\/\\\/optigestion.be\\\/en\\\/#website\"},\"datePublished\":\"2023-12-20T08:27:07+00:00\",\"dateModified\":\"2024-12-02T21:53:23+00:00\",\"description\":\"D\u00e9couvrez les t\u00e9moignages de nos clients. Optigestion, votre partenaire de confiance pour une gestion locative sereine et professionnelle.\",\"breadcrumb\":{\"@id\":\"https:\\\/\\\/optigestion.be\\\/en\\\/temoignages\\\/#breadcrumb\"},\"inLanguage\":\"en-GB\",\"potentialAction\":[{\"@type\":\"ReadAction\",\"target\":[\"https:\\\/\\\/optigestion.be\\\/en\\\/temoignages\\\/\"]}]},{\"@type\":\"BreadcrumbList\",\"@id\":\"https:\\\/\\\/optigestion.be\\\/en\\\/temoignages\\\/#breadcrumb\",\"itemListElement\":[{\"@type\":\"ListItem\",\"position\":1,\"name\":\"Home\",\"item\":\"https:\\\/\\\/optigestion.be\\\/en\\\/\"},{\"@type\":\"ListItem\",\"position\":2,\"name\":\"T\u00e9moignages\"}]},{\"@type\":\"WebSite\",\"@id\":\"https:\\\/\\\/optigestion.be\\\/en\\\/#website\",\"url\":\"https:\\\/\\\/optigestion.be\\\/en\\\/\",\"name\":\"Optigestion\",\"description\":\"Your Trusted Partner in Property Management  \",\"publisher\":{\"@id\":\"https:\\\/\\\/optigestion.be\\\/en\\\/#organization\"},\"potentialAction\":[{\"@type\":\"SearchAction\",\"target\":{\"@type\":\"EntryPoint\",\"urlTemplate\":\"https:\\\/\\\/optigestion.be\\\/en\\\/?s={search_term_string}\"},\"query-input\":{\"@type\":\"PropertyValueSpecification\",\"valueRequired\":true,\"valueName\":\"search_term_string\"}}],\"inLanguage\":\"en-GB\"},{\"@type\":\"Organization\",\"@id\":\"https:\\\/\\\/optigestion.be\\\/en\\\/#organization\",\"name\":\"Optigestion\",\"alternateName\":\"Votre partenaire de confiance en gestion locative\",\"url\":\"https:\\\/\\\/optigestion.be\\\/en\\\/\",\"logo\":{\"@type\":\"ImageObject\",\"inLanguage\":\"en-GB\",\"@id\":\"https:\\\/\\\/optigestion.be\\\/en\\\/#\\\/schema\\\/logo\\\/image\\\/\",\"url\":\"https:\\\/\\\/optigestion.be\\\/wp-content\\\/uploads\\\/2024\\\/01\\\/log.png\",\"contentUrl\":\"https:\\\/\\\/optigestion.be\\\/wp-content\\\/uploads\\\/2024\\\/01\\\/log.png\",\"width\":305,\"height\":305,\"caption\":\"Optigestion\"},\"image\":{\"@id\":\"https:\\\/\\\/optigestion.be\\\/en\\\/#\\\/schema\\\/logo\\\/image\\\/\"}}]}<\/script>\n<!-- \/ Yoast SEO plugin. -->","yoast_head_json":{"title":"T\u00e9moignages | Optigestion - Gestion Locative en Belgique","description":"D\u00e9couvrez les t\u00e9moignages de nos clients. Optigestion, votre partenaire de confiance pour une gestion locative sereine et professionnelle.","robots":{"index":"index","follow":"follow","max-snippet":"max-snippet:-1","max-image-preview":"max-image-preview:large","max-video-preview":"max-video-preview:-1"},"canonical":"https:\/\/optigestion.be\/en\/temoignages\/","og_locale":"en_GB","og_type":"article","og_title":"T\u00e9moignages | Optigestion - Gestion Locative en Belgique","og_description":"D\u00e9couvrez les t\u00e9moignages de nos clients. Optigestion, votre partenaire de confiance pour une gestion locative sereine et professionnelle.","og_url":"https:\/\/optigestion.be\/en\/temoignages\/","og_site_name":"Optigestion","article_modified_time":"2024-12-02T21:53:23+00:00","og_image":[{"width":1024,"height":682,"url":"https:\/\/optigestion.be\/wp-content\/uploads\/2023\/12\/optigestion-1024x682.jpg","type":"image\/jpeg"}],"twitter_card":"summary_large_image","schema":{"@context":"https:\/\/schema.org","@graph":[{"@type":"WebPage","@id":"https:\/\/optigestion.be\/en\/temoignages\/","url":"https:\/\/optigestion.be\/en\/temoignages\/","name":"T\u00e9moignages | Optigestion - Gestion Locative en Belgique","isPartOf":{"@id":"https:\/\/optigestion.be\/en\/#website"},"datePublished":"2023-12-20T08:27:07+00:00","dateModified":"2024-12-02T21:53:23+00:00","description":"D\u00e9couvrez les t\u00e9moignages de nos clients. Optigestion, votre partenaire de confiance pour une gestion locative sereine et professionnelle.","breadcrumb":{"@id":"https:\/\/optigestion.be\/en\/temoignages\/#breadcrumb"},"inLanguage":"en-GB","potentialAction":[{"@type":"ReadAction","target":["https:\/\/optigestion.be\/en\/temoignages\/"]}]},{"@type":"BreadcrumbList","@id":"https:\/\/optigestion.be\/en\/temoignages\/#breadcrumb","itemListElement":[{"@type":"ListItem","position":1,"name":"Home","item":"https:\/\/optigestion.be\/en\/"},{"@type":"ListItem","position":2,"name":"T\u00e9moignages"}]},{"@type":"WebSite","@id":"https:\/\/optigestion.be\/en\/#website","url":"https:\/\/optigestion.be\/en\/","name":"Optigestion","description":"Your Trusted Partner in Property Management  ","publisher":{"@id":"https:\/\/optigestion.be\/en\/#organization"},"potentialAction":[{"@type":"SearchAction","target":{"@type":"EntryPoint","urlTemplate":"https:\/\/optigestion.be\/en\/?s={search_term_string}"},"query-input":{"@type":"PropertyValueSpecification","valueRequired":true,"valueName":"search_term_string"}}],"inLanguage":"en-GB"},{"@type":"Organization","@id":"https:\/\/optigestion.be\/en\/#organization","name":"Optigestion","alternateName":"Votre partenaire de confiance en gestion locative","url":"https:\/\/optigestion.be\/en\/","logo":{"@type":"ImageObject","inLanguage":"en-GB","@id":"https:\/\/optigestion.be\/en\/#\/schema\/logo\/image\/","url":"https:\/\/optigestion.be\/wp-content\/uploads\/2024\/01\/log.png","contentUrl":"https:\/\/optigestion.be\/wp-content\/uploads\/2024\/01\/log.png","width":305,"height":305,"caption":"Optigestion"},"image":{"@id":"https:\/\/optigestion.be\/en\/#\/schema\/logo\/image\/"}}]}},"_links":{"self":[{"href":"https:\/\/optigestion.be\/en\/wp-json\/wp\/v2\/pages\/508","targetHints":{"allow":["GET"]}}],"collection":[{"href":"https:\/\/optigestion.be\/en\/wp-json\/wp\/v2\/pages"}],"about":[{"href":"https:\/\/optigestion.be\/en\/wp-json\/wp\/v2\/types\/page"}],"author":[{"embeddable":true,"href":"https:\/\/optigestion.be\/en\/wp-json\/wp\/v2\/users\/1"}],"replies":[{"embeddable":true,"href":"https:\/\/optigestion.be\/en\/wp-json\/wp\/v2\/comments?post=508"}],"version-history":[{"count":0,"href":"https:\/\/optigestion.be\/en\/wp-json\/wp\/v2\/pages\/508\/revisions"}],"wp:attachment":[{"href":"https:\/\/optigestion.be\/en\/wp-json\/wp\/v2\/media?parent=508"}],"curies":[{"name":"wp","href":"https:\/\/api.w.org\/{rel}","templated":true}]}}